{"id":12301,"date":"2017-11-07T00:38:54","date_gmt":"2017-11-06T23:38:54","guid":{"rendered":"https:\/\/sitopa.it\/comuni\/?page_id=12301"},"modified":"2018-03-20T11:50:42","modified_gmt":"2018-03-20T10:50:42","slug":"consiglio-comunale","status":"publish","type":"page","link":"https:\/\/sitopa.it\/comuni\/lamministrazione\/consiglio-comunale\/","title":{"rendered":"Consiglio Comunale"},"content":{"rendered":"<p>La sezione dedicata al Consiglio comunale \u00e8 stata realizzata con l&#8217;obiettivo di offrire ai cittadini, nel corso della consiliatura, tutte le informazioni\u00a0relative al Consiglio e agli organismi in cui \u00e8 articolato, al fine di dare la massima trasparenza e pubblicit\u00e0 all&#8217;attivit\u00e0 politica istituzionale del Consiglio\u00a0stesso e dei singoli consiglieri.<\/p>\n                    <h3 class=\"u-text-h3\">\n                        Alessandro Roma                        <p class=\"u-text-r-xxs\">Consigliere Maggioranza<\/p>\n                    <\/h3>\n                    <dl>\n                                        <dt>Telefono:<\/dt>\n                        <dd >+39 0776 23813<\/dd> \n                        <dd>+39 0776 23813<\/dd>\n                                                                <dt>Email:<\/dt>\n                        <dd><a href='mailto:info@yesicode.it'>info@yesicode.it<\/a><\/dd>\n                                        <\/dl>\n                        <p class=\"u-padding-r-top u-textRight\"><a class=\"u-text-h5 u-textClean u-color-black\" href=\"https:\/\/sitopa.it\/comuni\/persone\/alessandro-roma\/\">Vai alla scheda personale<\/a><\/p>\n                        <hr>\n                                    <h3 class=\"u-text-h3\">\n                        Dario Sacco                        <p class=\"u-text-r-xxs\">Consigliere Maggioranza<\/p>\n                    <\/h3>\n                    <dl>\n                                        <dt>Telefono:<\/dt>\n                        <dd >+39 0776 23813<\/dd> \n                        <dd>+39 0776 23813<\/dd>\n                                                                <dt>Email:<\/dt>\n                        <dd><a href='mailto:info@yesicode.it'>info@yesicode.it<\/a><\/dd>\n                                        <\/dl>\n                        <p class=\"u-padding-r-top u-textRight\"><a class=\"u-text-h5 u-textClean u-color-black\" href=\"https:\/\/sitopa.it\/comuni\/persone\/dario-sacco\/\">Vai alla scheda personale<\/a><\/p>\n                        <hr>\n                                    <h3 class=\"u-text-h3\">\n                        Laura Russo                        <p class=\"u-text-r-xxs\">Consigliere Maggioranza<\/p>\n                    <\/h3>\n                    <dl>\n                                        <dt>Telefono:<\/dt>\n                        <dd >+39 0776 23813<\/dd> \n                        <dd>+39 0776 23813<\/dd>\n                                                                <dt>Email:<\/dt>\n                        <dd><a href='mailto:info@yesicode.it'>info@yesicode.it<\/a><\/dd>\n                                        <\/dl>\n                        <p class=\"u-padding-r-top u-textRight\"><a class=\"u-text-h5 u-textClean u-color-black\" href=\"https:\/\/sitopa.it\/comuni\/persone\/laura-russo\/\">Vai alla scheda personale<\/a><\/p>\n                        <hr>\n                                    <h3 class=\"u-text-h3\">\n                        Achille Esposito                        <p class=\"u-text-r-xxs\">Consigliere Minoranza<\/p>\n                    <\/h3>\n                    <dl>\n                                        <dt>Telefono:<\/dt>\n                        <dd >+39 0776 23813<\/dd> \n                        <dd><\/dd>\n                                                                <dt>Email:<\/dt>\n                        <dd><a href='mailto:info@yesicode.it'>info@yesicode.it<\/a><\/dd>\n                                        <\/dl>\n                        <p class=\"u-padding-r-top u-textRight\"><a class=\"u-text-h5 u-textClean u-color-black\" href=\"https:\/\/sitopa.it\/comuni\/persone\/achille-esposito\/\">Vai alla scheda personale<\/a><\/p>\n                        <hr>\n                                    <h3 class=\"u-text-h3\">\n                        Marco Adriano                        <p class=\"u-text-r-xxs\">Consigliere Minoranza<\/p>\n                    <\/h3>\n                    <dl>\n                                        <dt>Telefono:<\/dt>\n                        <dd ><\/dd> \n                        <dd>+39 0776 23813<\/dd>\n                                                                <dt>Email:<\/dt>\n                        <dd><a href='mailto:info@yesicode.it'>info@yesicode.it<\/a><\/dd>\n                                        <\/dl>\n                        <p class=\"u-padding-r-top u-textRight\"><a class=\"u-text-h5 u-textClean u-color-black\" href=\"https:\/\/sitopa.it\/comuni\/persone\/marco-adriano\/\">Vai alla scheda personale<\/a><\/p>\n                        <hr>\n                \n","protected":false},"excerpt":{"rendered":"<p>La sezione dedicata al Consiglio comunale \u00e8 stata realizzata con l&#8217;obiettivo di offrire ai cittadini, nel corso della consiliatura, tutte le informazioni\u00a0relative al Consiglio e agli organismi in cui \u00e8 [&hellip;]<\/p>\n","protected":false},"author":1,"featured_media":0,"parent":12304,"menu_order":3,"comment_status":"closed","ping_status":"closed","template":"","meta":{"footnotes":""},"class_list":["post-12301","page","type-page","status-publish","hentry"],"_links":{"self":[{"href":"https:\/\/sitopa.it\/comuni\/wp-json\/wp\/v2\/pages\/12301","targetHints":{"allow":["GET"]}}],"collection":[{"href":"https:\/\/sitopa.it\/comuni\/wp-json\/wp\/v2\/pages"}],"about":[{"href":"https:\/\/sitopa.it\/comuni\/wp-json\/wp\/v2\/types\/page"}],"author":[{"embeddable":true,"href":"https:\/\/sitopa.it\/comuni\/wp-json\/wp\/v2\/users\/1"}],"replies":[{"embeddable":true,"href":"https:\/\/sitopa.it\/comuni\/wp-json\/wp\/v2\/comments?post=12301"}],"version-history":[{"count":6,"href":"https:\/\/sitopa.it\/comuni\/wp-json\/wp\/v2\/pages\/12301\/revisions"}],"predecessor-version":[{"id":12666,"href":"https:\/\/sitopa.it\/comuni\/wp-json\/wp\/v2\/pages\/12301\/revisions\/12666"}],"up":[{"embeddable":true,"href":"https:\/\/sitopa.it\/comuni\/wp-json\/wp\/v2\/pages\/12304"}],"wp:attachment":[{"href":"https:\/\/sitopa.it\/comuni\/wp-json\/wp\/v2\/media?parent=12301"}],"curies":[{"name":"wp","href":"https:\/\/api.w.org\/{rel}","templated":true}]}}