{"id":10709,"date":"2014-11-19T15:14:03","date_gmt":"2014-11-19T15:14:03","guid":{"rendered":"http:\/\/avada.theme-fusion.comxml\/?page_id=10709"},"modified":"2020-02-28T15:37:10","modified_gmt":"2020-02-28T14:37:10","slug":"home","status":"publish","type":"page","link":"https:\/\/sitopa.it\/comuni\/","title":{"rendered":"Home"},"content":{"rendered":"<p>Il sito nel rispetto delle direttive del codice dell\u2019Amministrazione Digitale contiene informazioni relative all&#8217;operato della Pubblica Amministrazione che rispecchiano i criteri di usabilit\u00e0 e reperibilit\u00e0, completezza di informazione, chiarezza di linguaggio, affidabilit\u00e0, semplicit\u00e0 di consultazione, qualit\u00e0, omogeneit\u00e0 ed interoperabilit\u00e0.<\/p>\n","protected":false},"excerpt":{"rendered":"<p>Il sito nel rispetto delle direttive del codice dell\u2019Amministrazione Digitale contiene informazioni relative all&#8217;operato della Pubblica Amministrazione che rispecchiano i criteri di usabilit\u00e0 e reperibilit\u00e0, completezza di informazione, chiarezza di [&hellip;]<\/p>\n","protected":false},"author":1,"featured_media":0,"parent":0,"menu_order":0,"comment_status":"closed","ping_status":"closed","template":"","meta":{"footnotes":""},"class_list":["post-10709","page","type-page","status-publish","hentry"],"_links":{"self":[{"href":"https:\/\/sitopa.it\/comuni\/wp-json\/wp\/v2\/pages\/10709","targetHints":{"allow":["GET"]}}],"collection":[{"href":"https:\/\/sitopa.it\/comuni\/wp-json\/wp\/v2\/pages"}],"about":[{"href":"https:\/\/sitopa.it\/comuni\/wp-json\/wp\/v2\/types\/page"}],"author":[{"embeddable":true,"href":"https:\/\/sitopa.it\/comuni\/wp-json\/wp\/v2\/users\/1"}],"replies":[{"embeddable":true,"href":"https:\/\/sitopa.it\/comuni\/wp-json\/wp\/v2\/comments?post=10709"}],"version-history":[{"count":17,"href":"https:\/\/sitopa.it\/comuni\/wp-json\/wp\/v2\/pages\/10709\/revisions"}],"predecessor-version":[{"id":13671,"href":"https:\/\/sitopa.it\/comuni\/wp-json\/wp\/v2\/pages\/10709\/revisions\/13671"}],"wp:attachment":[{"href":"https:\/\/sitopa.it\/comuni\/wp-json\/wp\/v2\/media?parent=10709"}],"curies":[{"name":"wp","href":"https:\/\/api.w.org\/{rel}","templated":true}]}}